{"id":504,"date":"2026-03-21T19:15:34","date_gmt":"2026-03-21T18:15:34","guid":{"rendered":"https:\/\/korfestival.dk\/?page_id=504"},"modified":"2026-03-24T08:31:23","modified_gmt":"2026-03-24T07:31:23","slug":"504-2","status":"publish","type":"page","link":"https:\/\/korfestival.dk\/","title":{"rendered":"Forside"},"content":{"rendered":"\n<p>K\u00f8benhavns Korfestival repr\u00e6senterer korsang i al dens mangfoldighed, lige fra det helt almindelige folkekor til nogle af landets mest ambiti\u00f8se vokalensembler. <\/p>\n\n\n\n<p>Alle m\u00f8des vi omkring interessen for kormusik, b\u00e5de for at optr\u00e6de, nyde stemningen og f\u00e6llesskabet, og for at blive opl\u00f8ftet og inspireret af hinandens sang og selskab.<\/p>\n\n\n\n<p>Alle kor, vokalensembler og genrer er velkommen i K\u00f8benhavns Korfestival. <br>L\u00e6s mere under <a href=\"https:\/\/korfestival.dk\/?page_id=333\" data-type=\"page\" data-id=\"333\">tilmelding<\/a><\/p>\n\n\n\n<p><strong>Nyhedsbrev<\/strong><br>Vil du v\u00e6re opdateret om danske koraktiviteter, s\u00e5 tilmeld dig <a href=\"https:\/\/korfestival.dk\/?page_id=497\" data-type=\"page\" data-id=\"497\">nyhedsbrevet her<\/a><\/p>\n\n\n\n<p>&#8212;<\/p>\n\n\n\n<p><\/p>\n","protected":false},"excerpt":{"rendered":"<p>K\u00f8benhavns Korfestival repr\u00e6senterer korsang i al dens mangfoldighed, lige fra det helt almindelige folkekor til nogle af landets mest ambiti\u00f8se vokalensembler. Alle m\u00f8des vi omkring interessen for kormusik, b\u00e5de for at optr\u00e6de, nyde stemningen og f\u00e6llesskabet, og for at blive opl\u00f8ftet og inspireret af hinandens sang og selskab. Alle kor, vokalensembler og genrer er velkommen &hellip; <\/p>\n<p class=\"link-more\"><a href=\"https:\/\/korfestival.dk\/\" class=\"more-link\">L\u00e6s videre<span class=\"screen-reader-text\"> &#8220;Forside&#8221;<\/span><\/a><\/p>\n","protected":false},"author":1,"featured_media":0,"parent":0,"menu_order":0,"comment_status":"closed","ping_status":"closed","template":"","meta":{"ngg_post_thumbnail":0,"footnotes":""},"class_list":["post-504","page","type-page","status-publish","hentry"],"_links":{"self":[{"href":"https:\/\/korfestival.dk\/index.php?rest_route=\/wp\/v2\/pages\/504","targetHints":{"allow":["GET"]}}],"collection":[{"href":"https:\/\/korfestival.dk\/index.php?rest_route=\/wp\/v2\/pages"}],"about":[{"href":"https:\/\/korfestival.dk\/index.php?rest_route=\/wp\/v2\/types\/page"}],"author":[{"embeddable":true,"href":"https:\/\/korfestival.dk\/index.php?rest_route=\/wp\/v2\/users\/1"}],"replies":[{"embeddable":true,"href":"https:\/\/korfestival.dk\/index.php?rest_route=%2Fwp%2Fv2%2Fcomments&post=504"}],"version-history":[{"count":12,"href":"https:\/\/korfestival.dk\/index.php?rest_route=\/wp\/v2\/pages\/504\/revisions"}],"predecessor-version":[{"id":531,"href":"https:\/\/korfestival.dk\/index.php?rest_route=\/wp\/v2\/pages\/504\/revisions\/531"}],"wp:attachment":[{"href":"https:\/\/korfestival.dk\/index.php?rest_route=%2Fwp%2Fv2%2Fmedia&parent=504"}],"curies":[{"name":"wp","href":"https:\/\/api.w.org\/{rel}","templated":true}]}}