{"id":333,"date":"2024-12-20T14:33:34","date_gmt":"2024-12-20T13:33:34","guid":{"rendered":"https:\/\/korfestival.dk\/?page_id=333"},"modified":"2026-03-21T19:11:52","modified_gmt":"2026-03-21T18:11:52","slug":"tilmelding-af-dit-kor-til-koebenhavns-korfestival","status":"publish","type":"page","link":"https:\/\/korfestival.dk\/?page_id=333","title":{"rendered":"Tilmelding til K\u00f8benhavns Korfestival"},"content":{"rendered":"\n<p><strong>Invitation til K\u00f8benhavns Korfestival 2027<\/strong><br>Invitationen er til alle kor som har lyst til at deltage i K\u00f8benhavns Korfestival. Det er en fantastisk mulighed for at pr\u00e6sentere s\u00e6sonens korarbejde foran et entusiastisk publikum i en rigtig koncertsal med sk\u00f8n akustik &#8211; og samtidig nyde en hyggelig aften i selskab med andre kor.<\/p>\n\n\n\n<p><a href=\"https:\/\/www.korsang.dk\/koebenhavns-korfestival-2027\/\">TILMELD JERES KOR VIA DETTE LINK<\/a><\/p>\n\n\n\n<p>Alle genrer og alle slags kor\/vokalensembler er velkommen.<\/p>\n\n\n\n<p><strong>Praktiske oplysninger<\/strong><\/p>\n\n\n\n<ul class=\"wp-block-list\">\n<li>Festivalen forl\u00f8ber over 6 aftener med 5-6 deltagende kor hver aften. <\/li>\n\n\n\n<li>Festivalen afholdes i KoncertKirken, Bl\u00e5g\u00e5rds Plads 6A, 2200 K\u00f8benhavn<\/li>\n\n\n\n<li>Adgang til KoncertKirken fra kl. 18:00<\/li>\n\n\n\n<li>Korfestivalen begynder kl. 19:00<\/li>\n\n\n\n<li>Hvert kor har 15 minutter p\u00e5 scenen, samt mulighed for at synge videre sidst p\u00e5 aftenen<\/li>\n\n\n\n<li>Det officielle program slutter kl 21:15. Derefter mulighed for efterhygge og fri sang<\/li>\n\n\n\n<li>Under hele festivalen kan der k\u00f8bes drikkevarer i Koncertkirkens bar<\/li>\n\n\n\n<li>Der er stort scenegulv samt mulighed for opstilling i op til 3 niveauer<\/li>\n\n\n\n<li>Der er flygel af h\u00f8j kvalitet som frit kan flyttes rundt p\u00e5 scenen efter behov <\/li>\n\n\n\n<li>Der er mixer\/lydanl\u00e6g som kan benyttes efter aftale<\/li>\n\n\n\n<li>En kort opvarmnings- eller opstillingspr\u00f8ve kan gennemf\u00f8res f\u00f8r start efter aftale<\/li>\n\n\n\n<li>R\u00e6kkef\u00f8lgen p\u00e5 scenen tilrettel\u00e6gges af K\u00f8benhavns Korfestival<\/li>\n\n\n\n<li>Der trykkes programmer med alle korenes bidrag<\/li>\n<\/ul>\n\n\n\n<p><strong>Retningslinjer, deadline og betaling<\/strong><\/p>\n\n\n\n<ul class=\"wp-block-list\">\n<li>Deltagerbidraget er 85 kroner pr. sanger (dirigent og evt. akkompagnat\u00f8r beregnes ikke)<\/li>\n\n\n\n<li>Depositum p\u00e5 850 kroner indbetales ved tilmelding (ikke for venteliste)<\/li>\n\n\n\n<li>Depositum refunderes ved afbud senest <strong>1. oktober 2026<\/strong> <\/li>\n\n\n\n<li>Det resterende deltagerbidrag indbetales senest <strong>8. januar 2027<\/strong><\/li>\n\n\n\n<li>Deadline for afbud er ligeledes <strong>8. januar 2027<\/strong>. Senere afbud er uden refundering. <\/li>\n\n\n\n<li>Eget program til det trykte festivalprogram fremsendes senest <strong>12. februar 2027<\/strong><\/li>\n<\/ul>\n\n\n\n<p class=\"has-medium-font-size\"><br><a href=\"https:\/\/www.korsang.dk\/koebenhavns-korfestival-2027\/\">TILMELD JERES KOR VIA DETTE LINK<\/a><br><\/p>\n\n\n\n<p><br>Depositum kr. 850 kr. overf\u00f8res til:<br><br>Reg. <strong>5321 <\/strong><br>Kontonr. <strong>0000256730<\/strong><br>M\u00e6rket: <em>korets navn<\/em><br><\/p>\n\n\n\n<p>Med venlig hilsen<br><em>Ole J\u00f8rgensen og Hans Lindberg<\/em><br><sub>Arrang\u00f8rer af K\u00f8benhavns Korfestival<\/sub><\/p>\n\n\n\n<p><\/p>\n","protected":false},"excerpt":{"rendered":"<p>Invitation til K\u00f8benhavns Korfestival 2027Invitationen er til alle kor som har lyst til at deltage i K\u00f8benhavns Korfestival. Det er en fantastisk mulighed for at pr\u00e6sentere s\u00e6sonens korarbejde foran et entusiastisk publikum i en rigtig koncertsal med sk\u00f8n akustik &#8211; og samtidig nyde en hyggelig aften i selskab med andre kor. TILMELD JERES KOR VIA &hellip; <\/p>\n<p class=\"link-more\"><a href=\"https:\/\/korfestival.dk\/?page_id=333\" class=\"more-link\">L\u00e6s videre<span class=\"screen-reader-text\"> &#8220;Tilmelding til K\u00f8benhavns Korfestival&#8221;<\/span><\/a><\/p>\n","protected":false},"author":1,"featured_media":0,"parent":0,"menu_order":0,"comment_status":"closed","ping_status":"closed","template":"","meta":{"ngg_post_thumbnail":0,"footnotes":""},"class_list":["post-333","page","type-page","status-publish","hentry"],"_links":{"self":[{"href":"https:\/\/korfestival.dk\/index.php?rest_route=\/wp\/v2\/pages\/333","targetHints":{"allow":["GET"]}}],"collection":[{"href":"https:\/\/korfestival.dk\/index.php?rest_route=\/wp\/v2\/pages"}],"about":[{"href":"https:\/\/korfestival.dk\/index.php?rest_route=\/wp\/v2\/types\/page"}],"author":[{"embeddable":true,"href":"https:\/\/korfestival.dk\/index.php?rest_route=\/wp\/v2\/users\/1"}],"replies":[{"embeddable":true,"href":"https:\/\/korfestival.dk\/index.php?rest_route=%2Fwp%2Fv2%2Fcomments&post=333"}],"version-history":[{"count":32,"href":"https:\/\/korfestival.dk\/index.php?rest_route=\/wp\/v2\/pages\/333\/revisions"}],"predecessor-version":[{"id":503,"href":"https:\/\/korfestival.dk\/index.php?rest_route=\/wp\/v2\/pages\/333\/revisions\/503"}],"wp:attachment":[{"href":"https:\/\/korfestival.dk\/index.php?rest_route=%2Fwp%2Fv2%2Fmedia&parent=333"}],"curies":[{"name":"wp","href":"https:\/\/api.w.org\/{rel}","templated":true}]}}