{"id":2,"date":"2021-04-29T16:46:19","date_gmt":"2021-04-29T14:46:19","guid":{"rendered":"http:\/\/korfestival.dk\/?page_id=2"},"modified":"2024-05-14T11:34:19","modified_gmt":"2024-05-14T09:34:19","slug":"eksempel-side","status":"publish","type":"page","link":"https:\/\/korfestival.dk\/?page_id=2","title":{"rendered":"K\u00f8benhavns Korfestival 2024"},"content":{"rendered":"\n<p>Nedenfor er de deltagende kor og billeder fra korfestivalen sidste \u00e5r (2024)<\/p>\n\n\n\n<p><strong>Mandag d. 11 marts<\/strong><\/p>\n\n\n\n<figure class=\"wp-block-table\"><table><tbody><tr><td>Kuhlau Koret<\/td><\/tr><tr><td>Hundigekoret <\/td><\/tr><tr><td>Gentofte Hospitalskor <\/td><\/tr><tr><td>F\u00e6lles musikalsk indslag<\/td><\/tr><tr><td>Elverh\u00f8jkoret <\/td><\/tr><tr><td>Unoderne<\/td><\/tr><tr><td>Hyltekoret<\/td><\/tr><\/tbody><\/table><\/figure>\n\n\n\n<p><strong>Tirsdag d. 12 marts<\/strong><\/p>\n\n\n\n<figure class=\"wp-block-table\"><table><tbody><tr><td>K\u00f8benhavns Postkor<\/td><\/tr><tr><td>Danske Banks Notes<\/td><\/tr><tr><td>Sine Nomine <\/td><\/tr><tr><td>F\u00e6lles musikalsk indslag<\/td><\/tr><tr><td>Vallensb\u00e6k Koret &amp; Vocals<\/td><\/tr><tr><td>After Seven <\/td><\/tr><tr><td>NoteAble <\/td><\/tr><\/tbody><\/table><\/figure>\n\n\n\n<p><strong>Onsdag d. 13. marts<\/strong><\/p>\n\n\n\n<figure class=\"wp-block-table\"><table><tbody><tr><td>Caroline Amalie Koret <\/td><\/tr><tr><td>SAS-Koret  <\/td><\/tr><tr><td>Hiller\u00f8d Hospitalskor <\/td><\/tr><tr><td>F\u00e6lles musikalsk indslag<\/td><\/tr><tr><td>Fraktion 8<\/td><\/tr><tr><td>Crossroad Gospel <\/td><\/tr><tr><td>Koriosum<\/td><\/tr><\/tbody><\/table><\/figure>\n\n\n\n<p><strong>Torsdag d. 14. marts<\/strong><\/p>\n\n\n\n<figure class=\"wp-block-table\"><table><tbody><tr><td>Samklang og Roskildekrukkerne <\/td><\/tr><tr><td>Kvindekoret Harmonia<\/td><\/tr><tr><td>Kammerkoret Aventura <\/td><\/tr><tr><td>F\u00e6lles musikalsk indslag<\/td><\/tr><tr><td>Klappersangerne<\/td><\/tr><tr><td>K\u00f8benhavns Politisangkor <\/td><\/tr><tr><td>Doo Wop <\/td><\/tr><\/tbody><\/table><\/figure>\n\n\n\nngg_shortcode_0_placeholder\n","protected":false},"excerpt":{"rendered":"<p>Nedenfor er de deltagende kor og billeder fra korfestivalen sidste \u00e5r (2024) Mandag d. 11 marts Kuhlau Koret Hundigekoret Gentofte Hospitalskor F\u00e6lles musikalsk indslag Elverh\u00f8jkoret Unoderne Hyltekoret Tirsdag d. 12 marts K\u00f8benhavns Postkor Danske Banks Notes Sine Nomine F\u00e6lles musikalsk indslag Vallensb\u00e6k Koret &amp; Vocals After Seven NoteAble Onsdag d. 13. marts Caroline Amalie Koret &hellip; <\/p>\n<p class=\"link-more\"><a href=\"https:\/\/korfestival.dk\/?page_id=2\" class=\"more-link\">L\u00e6s videre<span class=\"screen-reader-text\"> &#8220;K\u00f8benhavns Korfestival 2024&#8221;<\/span><\/a><\/p>\n","protected":false},"author":1,"featured_media":0,"parent":0,"menu_order":0,"comment_status":"closed","ping_status":"open","template":"","meta":{"ngg_post_thumbnail":0,"footnotes":""},"class_list":["post-2","page","type-page","status-publish","hentry"],"_links":{"self":[{"href":"https:\/\/korfestival.dk\/index.php?rest_route=\/wp\/v2\/pages\/2","targetHints":{"allow":["GET"]}}],"collection":[{"href":"https:\/\/korfestival.dk\/index.php?rest_route=\/wp\/v2\/pages"}],"about":[{"href":"https:\/\/korfestival.dk\/index.php?rest_route=\/wp\/v2\/types\/page"}],"author":[{"embeddable":true,"href":"https:\/\/korfestival.dk\/index.php?rest_route=\/wp\/v2\/users\/1"}],"replies":[{"embeddable":true,"href":"https:\/\/korfestival.dk\/index.php?rest_route=%2Fwp%2Fv2%2Fcomments&post=2"}],"version-history":[{"count":36,"href":"https:\/\/korfestival.dk\/index.php?rest_route=\/wp\/v2\/pages\/2\/revisions"}],"predecessor-version":[{"id":300,"href":"https:\/\/korfestival.dk\/index.php?rest_route=\/wp\/v2\/pages\/2\/revisions\/300"}],"wp:attachment":[{"href":"https:\/\/korfestival.dk\/index.php?rest_route=%2Fwp%2Fv2%2Fmedia&parent=2"}],"curies":[{"name":"wp","href":"https:\/\/api.w.org\/{rel}","templated":true}]}}